{"id":486,"date":"2024-11-20T20:31:38","date_gmt":"2024-11-20T19:31:38","guid":{"rendered":"https:\/\/benjaminwinter.fr\/?post_type=product&#038;p=486"},"modified":"2025-12-09T19:06:01","modified_gmt":"2025-12-09T18:06:01","slug":"robin","status":"publish","type":"product","link":"https:\/\/benjaminwinter.fr\/index.php\/produit\/robin\/","title":{"rendered":"Robin"},"content":{"rendered":"<p>Print format A3 29,7 x 42cm sans cadre, papier satin\u00e9 semi-mat 170gr\/m2.<\/p>\n<p>Print format 30 x 40cm avec cadre, papier satin\u00e9 semi-mat 170gr\/m2.<\/p>\n<p>Illustration originale 100% crayons de papier : Faber-Castell (B, 2B, 4B et 8B).<\/p>\n","protected":false},"excerpt":{"rendered":"<p>Print en noir et blanc de Nico Robin (alias l&rsquo;Enfant D\u00e9moniaque), personnage du manga One Piece.<\/p>\n<p>L&rsquo;illustration originale est r\u00e9alis\u00e9e \u00e0 la main et au crayon par Benjamin Winter\u00ae pour sa s\u00e9rie Winter Shonen Series.<\/p>\n<p>Le print sera sign\u00e9 par mes soins.<\/p>\n","protected":false},"featured_media":358,"comment_status":"open","ping_status":"closed","template":"","meta":[],"product_brand":[],"product_cat":[19],"product_tag":[],"class_list":{"0":"post-486","1":"product","2":"type-product","3":"status-publish","4":"has-post-thumbnail","6":"product_cat-winter-shonen-series","8":"first","9":"instock","10":"purchasable","11":"product-type-variable"},"jetpack_sharing_enabled":true,"_links":{"self":[{"href":"https:\/\/benjaminwinter.fr\/index.php\/wp-json\/wp\/v2\/product\/486","targetHints":{"allow":["GET"]}}],"collection":[{"href":"https:\/\/benjaminwinter.fr\/index.php\/wp-json\/wp\/v2\/product"}],"about":[{"href":"https:\/\/benjaminwinter.fr\/index.php\/wp-json\/wp\/v2\/types\/product"}],"replies":[{"embeddable":true,"href":"https:\/\/benjaminwinter.fr\/index.php\/wp-json\/wp\/v2\/comments?post=486"}],"wp:featuredmedia":[{"embeddable":true,"href":"https:\/\/benjaminwinter.fr\/index.php\/wp-json\/wp\/v2\/media\/358"}],"wp:attachment":[{"href":"https:\/\/benjaminwinter.fr\/index.php\/wp-json\/wp\/v2\/media?parent=486"}],"wp:term":[{"taxonomy":"product_brand","embeddable":true,"href":"https:\/\/benjaminwinter.fr\/index.php\/wp-json\/wp\/v2\/product_brand?post=486"},{"taxonomy":"product_cat","embeddable":true,"href":"https:\/\/benjaminwinter.fr\/index.php\/wp-json\/wp\/v2\/product_cat?post=486"},{"taxonomy":"product_tag","embeddable":true,"href":"https:\/\/benjaminwinter.fr\/index.php\/wp-json\/wp\/v2\/product_tag?post=486"}],"curies":[{"name":"wp","href":"https:\/\/api.w.org\/{rel}","templated":true}]}}