{"id":407,"date":"2024-11-20T19:58:25","date_gmt":"2024-11-20T18:58:25","guid":{"rendered":"https:\/\/benjaminwinter.fr\/?post_type=product&#038;p=407"},"modified":"2025-05-27T23:08:15","modified_gmt":"2025-05-27T21:08:15","slug":"ace-ventura-sherlock-holmes","status":"publish","type":"product","link":"https:\/\/benjaminwinter.fr\/index.php\/produit\/ace-ventura-sherlock-holmes\/","title":{"rendered":"Ace Ventura \/ Sherlock Holmes"},"content":{"rendered":"<p>Format A2 42 x 59,4cm : papier satin\u00e9 semi-mat 170gr\/m2.<\/p>\n<p>Format 30 x 40cm : papier satin\u00e9 semi-mat 200gr\/m2.<\/p>\n<p>Format 30 x 40cm avec cadre : papier satin\u00e9 semi-mat 200gr\/m2.<\/p>\n<p>Illustration : Feutres aquarellables Sakura Koi, feutres Posca.<\/p>\n","protected":false},"excerpt":{"rendered":"<p>Cr\u00e9ation originale de Benjamin Winter\u00ae pour la s\u00e9rie Winter Cinema Series\u00ae.<\/p>\n<p>Print d&rsquo;une parodie de l&rsquo;affiche du film \u00ab\u00a0Ace Ventura\u00a0\u00bb mix\u00e9e \u00e0 l&rsquo;univers du dessin anim\u00e9 \u00ab\u00a0Sherlock Holmes\u00a0\u00bb.<\/p>\n<p>Illustration originale faite \u00e0 la main. Typographie et mise en page faites sur ordinateur.<\/p>\n","protected":false},"featured_media":105,"comment_status":"open","ping_status":"closed","template":"","meta":[],"product_brand":[],"product_cat":[18],"product_tag":[],"class_list":{"0":"post-407","1":"product","2":"type-product","3":"status-publish","4":"has-post-thumbnail","6":"product_cat-affichefilm","8":"first","9":"instock","10":"featured","11":"purchasable","12":"product-type-variable"},"jetpack_sharing_enabled":true,"_links":{"self":[{"href":"https:\/\/benjaminwinter.fr\/index.php\/wp-json\/wp\/v2\/product\/407","targetHints":{"allow":["GET"]}}],"collection":[{"href":"https:\/\/benjaminwinter.fr\/index.php\/wp-json\/wp\/v2\/product"}],"about":[{"href":"https:\/\/benjaminwinter.fr\/index.php\/wp-json\/wp\/v2\/types\/product"}],"replies":[{"embeddable":true,"href":"https:\/\/benjaminwinter.fr\/index.php\/wp-json\/wp\/v2\/comments?post=407"}],"wp:featuredmedia":[{"embeddable":true,"href":"https:\/\/benjaminwinter.fr\/index.php\/wp-json\/wp\/v2\/media\/105"}],"wp:attachment":[{"href":"https:\/\/benjaminwinter.fr\/index.php\/wp-json\/wp\/v2\/media?parent=407"}],"wp:term":[{"taxonomy":"product_brand","embeddable":true,"href":"https:\/\/benjaminwinter.fr\/index.php\/wp-json\/wp\/v2\/product_brand?post=407"},{"taxonomy":"product_cat","embeddable":true,"href":"https:\/\/benjaminwinter.fr\/index.php\/wp-json\/wp\/v2\/product_cat?post=407"},{"taxonomy":"product_tag","embeddable":true,"href":"https:\/\/benjaminwinter.fr\/index.php\/wp-json\/wp\/v2\/product_tag?post=407"}],"curies":[{"name":"wp","href":"https:\/\/api.w.org\/{rel}","templated":true}]}}