{"id":214,"date":"2024-11-19T22:34:41","date_gmt":"2024-11-19T21:34:41","guid":{"rendered":"https:\/\/benjaminwinter.fr\/?post_type=product&#038;p=214"},"modified":"2025-12-09T18:59:54","modified_gmt":"2025-12-09T17:59:54","slug":"ikki","status":"publish","type":"product","link":"https:\/\/benjaminwinter.fr\/index.php\/produit\/ikki\/","title":{"rendered":"Ikki"},"content":{"rendered":"<p>Print format A3 29,7 x 42cm sans cadre, papier satin\u00e9 semi-mat 170gr\/m2.<\/p>\n<p>Print format 30 x 40cm avec cadre, papier satin\u00e9 semi-mat 170gr\/m2.<\/p>\n<p>Illustration originale 100% crayons de papier : Faber-Castell (B, 2B, 4B et 8B).<\/p>\n","protected":false},"excerpt":{"rendered":"<p>Print en noir et blanc de Ikki, personnage du manga Saint Seiya.<\/p>\n<p>L&rsquo;illustration originale est r\u00e9alis\u00e9e \u00e0 la main et au crayon par Benjamin Winter\u00ae pour sa s\u00e9rie Winter Shonen Series.<\/p>\n<p>Le print sera sign\u00e9 par mes soins.<\/p>\n","protected":false},"featured_media":164,"comment_status":"open","ping_status":"closed","template":"","meta":[],"product_brand":[],"product_cat":[21],"product_tag":[],"class_list":{"0":"post-214","1":"product","2":"type-product","3":"status-publish","4":"has-post-thumbnail","6":"product_cat-old-school-shonen-series","8":"first","9":"instock","10":"purchasable","11":"product-type-variable"},"jetpack_sharing_enabled":true,"_links":{"self":[{"href":"https:\/\/benjaminwinter.fr\/index.php\/wp-json\/wp\/v2\/product\/214","targetHints":{"allow":["GET"]}}],"collection":[{"href":"https:\/\/benjaminwinter.fr\/index.php\/wp-json\/wp\/v2\/product"}],"about":[{"href":"https:\/\/benjaminwinter.fr\/index.php\/wp-json\/wp\/v2\/types\/product"}],"replies":[{"embeddable":true,"href":"https:\/\/benjaminwinter.fr\/index.php\/wp-json\/wp\/v2\/comments?post=214"}],"wp:featuredmedia":[{"embeddable":true,"href":"https:\/\/benjaminwinter.fr\/index.php\/wp-json\/wp\/v2\/media\/164"}],"wp:attachment":[{"href":"https:\/\/benjaminwinter.fr\/index.php\/wp-json\/wp\/v2\/media?parent=214"}],"wp:term":[{"taxonomy":"product_brand","embeddable":true,"href":"https:\/\/benjaminwinter.fr\/index.php\/wp-json\/wp\/v2\/product_brand?post=214"},{"taxonomy":"product_cat","embeddable":true,"href":"https:\/\/benjaminwinter.fr\/index.php\/wp-json\/wp\/v2\/product_cat?post=214"},{"taxonomy":"product_tag","embeddable":true,"href":"https:\/\/benjaminwinter.fr\/index.php\/wp-json\/wp\/v2\/product_tag?post=214"}],"curies":[{"name":"wp","href":"https:\/\/api.w.org\/{rel}","templated":true}]}}